{"id":13,"date":"2022-02-21T22:22:23","date_gmt":"2022-02-21T21:22:23","guid":{"rendered":"http:\/\/geraldinetheunissen.com\/?page_id=13"},"modified":"2023-08-20T19:12:21","modified_gmt":"2023-08-20T17:12:21","slug":"home","status":"publish","type":"page","link":"https:\/\/geraldinetheunissen.com\/","title":{"rendered":"Home"},"content":{"rendered":"\n<div class=\"wp-block-cover alignfull is-light hestia-clear-top-padding\"><span aria-hidden=\"true\" class=\"wp-block-cover__background has-white-background-color has-background-dim-100 has-background-dim\"><\/span><div class=\"wp-block-cover__inner-container is-layout-flow wp-block-cover-is-layout-flow\">\n<h2 class=\"wp-block-heading has-text-align-center has-text-color\" id=\"vos-solutions-web-et-mobile\" style=\"color:#3c4858\">Vos solutions web et mobile<\/h2>\n\n\n\n<div style=\"height:40px\" aria-hidden=\"true\" class=\"wp-block-spacer\"><\/div>\n\n\n\n<div class=\"wp-block-columns container is-layout-flex wp-container-core-columns-is-layout-9d6595d7 wp-block-columns-is-layout-flex\">\n<div class=\"wp-block-column is-layout-flow wp-block-column-is-layout-flow\"><div class=\"wp-block-image\">\n<figure class=\"aligncenter size-large\"><img decoding=\"async\" src=\"https:\/\/geraldinetheunissen.com\/wp-content\/themes\/hestia\/assets\/img\/feat1.png\" alt=\"\" class=\"wp-image-70\"\/><\/figure><\/div>\n\n\n<h5 class=\"wp-block-heading has-text-align-center has-text-color\" id=\"sur-mesure\" style=\"color:#3c4858;font-size:18px\">Sur mesure<\/h5>\n\n\n\n<p class=\"has-text-align-center has-text-color\" style=\"color:#999999;font-size:14px\">D\u00e9veloppement sur mesure. A votre \u00e9coute, nous cherchons ensemble la meilleure solution pour vous.<\/p>\n\n\n\n<div style=\"height:25px\" aria-hidden=\"true\" class=\"wp-block-spacer\"><\/div>\n<\/div>\n\n\n\n<div class=\"wp-block-column is-layout-flow wp-block-column-is-layout-flow\"><div class=\"wp-block-image\">\n<figure class=\"aligncenter size-large\"><img decoding=\"async\" src=\"https:\/\/geraldinetheunissen.com\/wp-content\/themes\/hestia\/assets\/img\/feat2.png\" alt=\"\" class=\"wp-image-71\"\/><\/figure><\/div>\n\n\n<h5 class=\"wp-block-heading has-text-align-center has-text-color\" id=\"disponible\" style=\"color:#3c4858;font-size:18px\">Disponibilit\u00e9<\/h5>\n\n\n\n<p class=\"has-text-align-center has-text-color\" style=\"color:#999999;font-size:14px\">R\u00e9ponse rapide et efficace. Souci de travailler dans une ambiance honn\u00eate et transparente.<\/p>\n\n\n\n<div style=\"height:25px\" aria-hidden=\"true\" class=\"wp-block-spacer\"><\/div>\n<\/div>\n\n\n\n<div class=\"wp-block-column is-layout-flow wp-block-column-is-layout-flow\"><div class=\"wp-block-image\">\n<figure class=\"aligncenter size-large\"><img decoding=\"async\" src=\"https:\/\/geraldinetheunissen.com\/wp-content\/themes\/hestia\/assets\/img\/feat3.png\" alt=\"\" class=\"wp-image-72\"\/><\/figure><\/div>\n\n\n<h5 class=\"wp-block-heading has-text-align-center has-text-color\" id=\"transparence\" style=\"color:#3c4858;font-size:18px\">Simplicit\u00e9<\/h5>\n\n\n\n<p class=\"has-text-align-center has-text-color\" style=\"color:#999999;font-size:14px\">Nos solutions sont pens\u00e9es pour \u00eatre les plus simples possibles et les plus adapt\u00e9es \u00e0 vos connaissances.<\/p>\n\n\n\n<div style=\"height:25px\" aria-hidden=\"true\" class=\"wp-block-spacer\"><\/div>\n<\/div>\n<\/div>\n\n\n\n<div style=\"height:40px\" aria-hidden=\"true\" class=\"wp-block-spacer\"><\/div>\n<\/div><\/div>\n\n\n\n<div class=\"wp-block-columns container is-layout-flex wp-container-core-columns-is-layout-9d6595d7 wp-block-columns-is-layout-flex\">\n<div class=\"wp-block-column col-md-5 is-layout-flow wp-block-column-is-layout-flow\">\n<div style=\"height:55px\" aria-hidden=\"true\" class=\"wp-block-spacer\"><\/div>\n\n\n\n<h2 class=\"wp-block-heading\" id=\"a-propos\">\u00c0 Propos<\/h2>\n\n\n\n<p>Je m&rsquo;appelle G\u00e9raldine, ma formation de base est technologue de laboratoire. Je me suis form\u00e9e au d\u00e9veloppement web par v\u00e9ritable passion.<\/p>\n\n\n\n<div style=\"height:110px\" aria-hidden=\"true\" class=\"wp-block-spacer\"><\/div>\n<\/div>\n\n\n\n<div class=\"wp-block-column col-md-6 col-md-offset1 is-layout-flow wp-block-column-is-layout-flow\"><\/div>\n<\/div>\n\n\n\n<div class=\"wp-block-cover alignfull is-light hestia-clear-top-padding\" id=\"realisations\"><span aria-hidden=\"true\" class=\"wp-block-cover__background has-white-background-color has-background-dim-100 has-background-dim\"><\/span><div class=\"wp-block-cover__inner-container is-layout-flow wp-block-cover-is-layout-flow\">\n<h2 class=\"wp-block-heading has-text-align-center has-text-color\" id=\"vos-solutions-web-et-mobile\" style=\"color:#3c4858\">R\u00e9alisations<\/h2>\n\n\n\n<div style=\"height:40px\" aria-hidden=\"true\" class=\"wp-block-spacer\"><\/div>\n\n\n\n<div class=\"wp-block-columns container is-layout-flex wp-container-core-columns-is-layout-9d6595d7 wp-block-columns-is-layout-flex\">\n<div class=\"wp-block-column is-layout-flow wp-block-column-is-layout-flow\"><div class=\"wp-block-image\">\n<figure class=\"aligncenter size-large\"><img loading=\"lazy\" decoding=\"async\" width=\"1024\" height=\"836\" src=\"https:\/\/geraldinetheunissen.com\/wp-content\/uploads\/2023\/08\/gaston-1024x836.png\" alt=\"\" class=\"wp-image-105\" srcset=\"https:\/\/geraldinetheunissen.com\/wp-content\/uploads\/2023\/08\/gaston-1024x836.png 1024w, https:\/\/geraldinetheunissen.com\/wp-content\/uploads\/2023\/08\/gaston-300x245.png 300w, https:\/\/geraldinetheunissen.com\/wp-content\/uploads\/2023\/08\/gaston-768x627.png 768w, https:\/\/geraldinetheunissen.com\/wp-content\/uploads\/2023\/08\/gaston.png 1085w\" sizes=\"auto, (max-width: 1024px) 100vw, 1024px\" \/><\/figure><\/div>\n\n\n<div class=\"wp-block-buttons is-content-justification-center is-layout-flex wp-container-core-buttons-is-layout-16018d1d wp-block-buttons-is-layout-flex\">\n<div class=\"wp-block-button has-custom-width wp-block-button__width-100 is-style-outline is-style-outline--1\"><a class=\"wp-block-button__link has-accent-color has-white-background-color has-text-color has-background wp-element-button\" href=\"https:\/\/gaston.shop\/\" style=\"border-radius:0px\" target=\"_blank\" rel=\"noreferrer noopener\">Consulter<\/a><\/div>\n<\/div>\n\n\n\n<h5 class=\"wp-block-heading has-text-align-center has-text-color\" id=\"sur-mesure\" style=\"color:#3c4858;font-size:18px\">Gaston Shop<\/h5>\n\n\n\n<p class=\"has-text-align-center has-text-color\" style=\"color:#999999;font-size:14px\">D\u00e9veloppement d&rsquo;un e-commerce \u00e0 partir de z\u00e9ro pour pouvoir r\u00e9pondre 100% \u00e0 la demande.<\/p>\n\n\n\n<div style=\"height:25px\" aria-hidden=\"true\" class=\"wp-block-spacer\"><\/div>\n<\/div>\n\n\n\n<div class=\"wp-block-column is-layout-flow wp-block-column-is-layout-flow\"><div class=\"wp-block-image\">\n<figure class=\"aligncenter size-large\"><img loading=\"lazy\" decoding=\"async\" width=\"1024\" height=\"849\" src=\"https:\/\/geraldinetheunissen.com\/wp-content\/uploads\/2023\/08\/cabinet-1024x849.png\" alt=\"\" class=\"wp-image-106\" srcset=\"https:\/\/geraldinetheunissen.com\/wp-content\/uploads\/2023\/08\/cabinet-1024x849.png 1024w, https:\/\/geraldinetheunissen.com\/wp-content\/uploads\/2023\/08\/cabinet-300x249.png 300w, https:\/\/geraldinetheunissen.com\/wp-content\/uploads\/2023\/08\/cabinet-768x637.png 768w, https:\/\/geraldinetheunissen.com\/wp-content\/uploads\/2023\/08\/cabinet.png 1085w\" sizes=\"auto, (max-width: 1024px) 100vw, 1024px\" \/><\/figure><\/div>\n\n\n<div class=\"wp-block-buttons is-content-justification-center is-layout-flex wp-container-core-buttons-is-layout-16018d1d wp-block-buttons-is-layout-flex\">\n<div class=\"wp-block-button has-custom-width wp-block-button__width-100 is-style-outline is-style-outline--2\"><a class=\"wp-block-button__link has-accent-color has-text-color wp-element-button\" href=\"https:\/\/cabinet-medical-avenue.be\" style=\"border-radius:0px\" target=\"_blank\" rel=\"noreferrer noopener\">Consulter<\/a><\/div>\n<\/div>\n\n\n\n<h5 class=\"wp-block-heading has-text-align-center has-text-color\" id=\"disponible\" style=\"color:#3c4858;font-size:18px\">Cabinet M\u00e9dical l&rsquo;Avenue<\/h5>\n\n\n\n<p class=\"has-text-align-center has-text-color\" style=\"color:#999999;font-size:14px\">Cr\u00e9ation d&rsquo;un site vitrine pour un cabinet m\u00e9dicale avec plusieurs prestataires.<\/p>\n\n\n\n<div style=\"height:25px\" aria-hidden=\"true\" class=\"wp-block-spacer\"><\/div>\n<\/div>\n\n\n\n<div class=\"wp-block-column is-layout-flow wp-block-column-is-layout-flow\"><div class=\"wp-block-image\">\n<figure class=\"aligncenter size-large\"><img loading=\"lazy\" decoding=\"async\" width=\"1024\" height=\"849\" src=\"https:\/\/geraldinetheunissen.com\/wp-content\/uploads\/2023\/08\/recre-1024x849.png\" alt=\"\" class=\"wp-image-107\" style=\"object-fit:cover\" srcset=\"https:\/\/geraldinetheunissen.com\/wp-content\/uploads\/2023\/08\/recre-1024x849.png 1024w, https:\/\/geraldinetheunissen.com\/wp-content\/uploads\/2023\/08\/recre-300x249.png 300w, https:\/\/geraldinetheunissen.com\/wp-content\/uploads\/2023\/08\/recre-768x636.png 768w, https:\/\/geraldinetheunissen.com\/wp-content\/uploads\/2023\/08\/recre.png 1086w\" sizes=\"auto, (max-width: 1024px) 100vw, 1024px\" \/><\/figure><\/div>\n\n\n<div class=\"wp-block-buttons is-content-justification-center is-layout-flex wp-container-core-buttons-is-layout-16018d1d wp-block-buttons-is-layout-flex\">\n<div class=\"wp-block-button has-custom-width wp-block-button__width-100 is-style-outline is-style-outline--3\"><a class=\"wp-block-button__link has-accent-color has-text-color wp-element-button\" href=\"https:\/\/recredanse.be\" style=\"border-radius:0px\" target=\"_blank\" rel=\"noreferrer noopener\">Consulter<\/a><\/div>\n<\/div>\n\n\n\n<h5 class=\"wp-block-heading has-text-align-center has-text-color\" id=\"disponible\" style=\"color:#3c4858;font-size:18px\">R\u00e9cr\u00e9 Danse<\/h5>\n\n\n\n<p class=\"has-text-align-center has-text-color\" style=\"color:#999999;font-size:14px\">Cr\u00e9ation d&rsquo;un site vitrine pour une \u00e9cole de danse.<\/p>\n\n\n\n<div style=\"height:25px\" aria-hidden=\"true\" class=\"wp-block-spacer\"><\/div>\n<\/div>\n<\/div>\n\n\n\n<div class=\"wp-block-columns container is-layout-flex wp-container-core-columns-is-layout-9d6595d7 wp-block-columns-is-layout-flex\">\n<div class=\"wp-block-column is-layout-flow wp-block-column-is-layout-flow\"><div class=\"wp-block-image\">\n<figure class=\"aligncenter size-full\"><img loading=\"lazy\" decoding=\"async\" width=\"310\" height=\"286\" src=\"https:\/\/geraldinetheunissen.com\/wp-content\/uploads\/2023\/08\/image0.jpeg\" alt=\"\" class=\"wp-image-109\" style=\"object-fit:cover\" srcset=\"https:\/\/geraldinetheunissen.com\/wp-content\/uploads\/2023\/08\/image0.jpeg 310w, https:\/\/geraldinetheunissen.com\/wp-content\/uploads\/2023\/08\/image0-300x277.jpeg 300w\" sizes=\"auto, (max-width: 310px) 100vw, 310px\" \/><\/figure><\/div>\n\n\n<div class=\"wp-block-buttons is-content-justification-center is-layout-flex wp-container-core-buttons-is-layout-16018d1d wp-block-buttons-is-layout-flex\">\n<div class=\"wp-block-button has-custom-width wp-block-button__width-100 is-style-outline is-style-outline--4\"><a class=\"wp-block-button__link has-accent-color has-text-color wp-element-button\" href=\"https:\/\/gaston.shop\" style=\"border-radius:0px\" target=\"_blank\" rel=\"noreferrer noopener\">Consulter<\/a><\/div>\n<\/div>\n\n\n\n<h5 class=\"wp-block-heading has-text-align-center has-text-color\" id=\"disponible\" style=\"color:#3c4858;font-size:18px\">Gaston Shop<\/h5>\n\n\n\n<p class=\"has-text-align-center has-text-color\" style=\"color:#999999;font-size:14px\">Cr\u00e9ation d&rsquo;une application mobile pour Gaston Shop afin de faciliter leurs livraisons et gestion du stock<\/p>\n\n\n\n<div style=\"height:25px\" aria-hidden=\"true\" class=\"wp-block-spacer\"><\/div>\n<\/div>\n\n\n\n<div class=\"wp-block-column is-layout-flow wp-block-column-is-layout-flow\">\n<h5 class=\"wp-block-heading has-text-align-center has-text-color\" id=\"disponible\" style=\"color:#3c4858;font-size:18px\">En cours<\/h5>\n\n\n\n<hr class=\"wp-block-separator has-text-color has-accent-color has-css-opacity has-accent-background-color has-background\"\/>\n\n\n\n<p class=\"has-text-align-center has-text-color\" style=\"color:#999999;font-size:14px\">Cr\u00e9ation d&#8217;email pour l&rsquo;ensemble des collaborateurs d&rsquo;une soci\u00e9t\u00e9. Aide \u00e0 l&rsquo;installation et mise en place d&rsquo;une page web simple. <\/p>\n\n\n\n<hr class=\"wp-block-separator has-text-color has-accent-color has-css-opacity has-accent-background-color has-background\"\/>\n\n\n\n<div style=\"height:25px\" aria-hidden=\"true\" class=\"wp-block-spacer\"><\/div>\n<\/div>\n\n\n\n<div class=\"wp-block-column is-layout-flow wp-block-column-is-layout-flow\">\n<h5 class=\"wp-block-heading has-text-align-center has-text-color\" id=\"disponible\" style=\"color:#3c4858;font-size:18px\"><\/h5>\n\n\n\n<p class=\"has-text-align-center has-text-color\" style=\"color:#999999;font-size:14px\"><\/p>\n\n\n\n<div style=\"height:25px\" aria-hidden=\"true\" class=\"wp-block-spacer\"><\/div>\n<\/div>\n<\/div>\n<\/div><\/div>\n\n\n\n<div style=\"height:110px\" aria-hidden=\"true\" class=\"wp-block-spacer\"><\/div>\n","protected":false},"excerpt":{"rendered":"<p>\u00c0 Propos Je m&rsquo;appelle G\u00e9raldine, ma formation de base est technologue de laboratoire. Je me suis form\u00e9e au d\u00e9veloppement web par v\u00e9ritable passion.<\/p>\n","protected":false},"author":1,"featured_media":42,"parent":0,"menu_order":0,"comment_status":"closed","ping_status":"closed","template":"","meta":{"footnotes":""},"class_list":["post-13","page","type-page","status-publish","has-post-thumbnail","hentry"],"_links":{"self":[{"href":"https:\/\/geraldinetheunissen.com\/index.php\/wp-json\/wp\/v2\/pages\/13","targetHints":{"allow":["GET"]}}],"collection":[{"href":"https:\/\/geraldinetheunissen.com\/index.php\/wp-json\/wp\/v2\/pages"}],"about":[{"href":"https:\/\/geraldinetheunissen.com\/index.php\/wp-json\/wp\/v2\/types\/page"}],"author":[{"embeddable":true,"href":"https:\/\/geraldinetheunissen.com\/index.php\/wp-json\/wp\/v2\/users\/1"}],"replies":[{"embeddable":true,"href":"https:\/\/geraldinetheunissen.com\/index.php\/wp-json\/wp\/v2\/comments?post=13"}],"version-history":[{"count":19,"href":"https:\/\/geraldinetheunissen.com\/index.php\/wp-json\/wp\/v2\/pages\/13\/revisions"}],"predecessor-version":[{"id":111,"href":"https:\/\/geraldinetheunissen.com\/index.php\/wp-json\/wp\/v2\/pages\/13\/revisions\/111"}],"wp:featuredmedia":[{"embeddable":true,"href":"https:\/\/geraldinetheunissen.com\/index.php\/wp-json\/wp\/v2\/media\/42"}],"wp:attachment":[{"href":"https:\/\/geraldinetheunissen.com\/index.php\/wp-json\/wp\/v2\/media?parent=13"}],"curies":[{"name":"wp","href":"https:\/\/api.w.org\/{rel}","templated":true}]}}